{"id":2545,"date":"2023-03-23T09:24:38","date_gmt":"2023-03-23T08:24:38","guid":{"rendered":"https:\/\/ganerantz.com\/?page_id=2545"},"modified":"2023-09-25T09:30:22","modified_gmt":"2023-09-25T07:30:22","slug":"datuak-babesteko-politika","status":"publish","type":"page","link":"https:\/\/ganerantz.com\/eu\/datuak-babesteko-politika\/","title":{"rendered":"Datuak Babesteko Politika"},"content":{"rendered":"<div class=\"wpb-content-wrapper\"><p>[vc_row][vc_column][vc_column_text]En cumplimiento del art\u00edculo 5 de la Ley Org\u00e1nica 15\/1999, de 13 de diciembre, de Protecci\u00f3n de Datos de Car\u00e1cter Personal, por el que se regula el derecho de informaci\u00f3n en la recogida de datos, le informamos de que sus datos personales ser\u00e1n incorporados a un Fichero de Datos de Car\u00e1cter Personal titularidad de GANERANTZ MENDIZALE TALDEA como responsable del fichero con la finalidad de realizar la:<\/p>\n<ul>\n<li>Gesti\u00f3n de socias\/os: altas, bajas, comunicaci\u00f3n e informaci\u00f3n de actividades del club, y uso de im\u00e1genes y publicaciones propias del club.<\/li>\n<li>Cesi\u00f3n de datos a la BMF (Federaci\u00f3n Vizca\u00edna de Monta\u00f1a) y a la EMF (Federaci\u00f3n Vasca de Monta\u00f1a) para realizar:\n<ul>\n<li>Tramitaci\u00f3n de licencias.<\/li>\n<li>Comunicaci\u00f3n e informaci\u00f3n de actividades propias de estas organizaciones.<\/li>\n<\/ul>\n<\/li>\n<\/ul>\n<p>Asimismo se garantiza al titular de los datos el ejercicio de los derechos, de acceso, rectificaci\u00f3n, cancelaci\u00f3n y oposici\u00f3n de los datos que le conciernen, debiendo para ello dirigirse mediante comunicaci\u00f3n escrita al domicilio situado en C\/Santiago, 2; 48920 Portugalete (Bizkaia).<\/p>\n<p>En cualquier caso, el titular de los datos resulta informado y consiente en la conservaci\u00f3n de dichos datos bajo las debidas condiciones de seguridad y deber de secreto, por el periodo que resulte necesario para la finalidad para la que son recabados[\/vc_column_text][\/vc_column][\/vc_row]<\/p>\n<\/div>","protected":false},"excerpt":{"rendered":"<p>[vc_row][vc_column][vc_column_text]En cumplimiento del art\u00edculo 5 de la Ley Org\u00e1nica 15\/1999, de 13 de diciembre, de Protecci\u00f3n de Datos de Car\u00e1cter Personal, por el que se regula el derecho de informaci\u00f3n en la recogida de datos, le informamos de que sus datos personales ser\u00e1n incorporados a un Fichero de Datos de Car\u00e1cter Personal titularidad de GANERANTZ&hellip;<\/p>\n","protected":false},"author":1,"featured_media":0,"parent":0,"menu_order":0,"comment_status":"closed","ping_status":"closed","template":"","meta":{"footnotes":""},"class_list":["post-2545","page","type-page","status-publish","hentry","description-off"],"acf":[],"_links":{"self":[{"href":"https:\/\/ganerantz.com\/eu\/wp-json\/wp\/v2\/pages\/2545","targetHints":{"allow":["GET"]}}],"collection":[{"href":"https:\/\/ganerantz.com\/eu\/wp-json\/wp\/v2\/pages"}],"about":[{"href":"https:\/\/ganerantz.com\/eu\/wp-json\/wp\/v2\/types\/page"}],"author":[{"embeddable":true,"href":"https:\/\/ganerantz.com\/eu\/wp-json\/wp\/v2\/users\/1"}],"replies":[{"embeddable":true,"href":"https:\/\/ganerantz.com\/eu\/wp-json\/wp\/v2\/comments?post=2545"}],"version-history":[{"count":1,"href":"https:\/\/ganerantz.com\/eu\/wp-json\/wp\/v2\/pages\/2545\/revisions"}],"predecessor-version":[{"id":2546,"href":"https:\/\/ganerantz.com\/eu\/wp-json\/wp\/v2\/pages\/2545\/revisions\/2546"}],"wp:attachment":[{"href":"https:\/\/ganerantz.com\/eu\/wp-json\/wp\/v2\/media?parent=2545"}],"curies":[{"name":"wp","href":"https:\/\/api.w.org\/{rel}","templated":true}]}}