{"id":1934,"date":"2023-03-06T17:23:34","date_gmt":"2023-03-06T16:23:34","guid":{"rendered":"https:\/\/ganerantz.com\/el-club\/"},"modified":"2023-05-04T16:44:39","modified_gmt":"2023-05-04T14:44:39","slug":"kluba","status":"publish","type":"page","link":"https:\/\/ganerantz.com\/eu\/kluba\/","title":{"rendered":"Kluba"},"content":{"rendered":"<div class=\"wpb-content-wrapper\"><p>[vc_row][vc_column offset=&#8221;vc_col-lg-offset-0 vc_col-md-offset-0&#8243;][vc_row_inner equal_height=&#8221;yes&#8221; content_placement=&#8221;middle&#8221;][vc_column_inner width=&#8221;1\/2&#8243; offset=&#8221;vc_col-lg-offset-1 vc_col-lg-6 vc_col-md-offset-1 vc_col-md-6 vc_col-sm-offset-0 vc_col-xs-12&#8243; css=&#8221;.vc_custom_1550596702701{margin-bottom: 20px !important;border-left-width: 3px !important;padding-left: 40px !important;border-left-color: #75b325 !important;border-left-style: dashed !important;}&#8221;]<div id=\"ultimate-heading-490969d37bd904c53\" class=\"uvc-heading ult-adjust-bottom-margin ultimate-heading-490969d37bd904c53 uvc-228 accent-icon-color uvc-heading-default-font-sizes\" data-hspacer=\"icon_only\"  data-halign=\"left\" style=\"text-align:left\"><div class=\"uvc-heading-spacer icon_only\" style=\"top\"><div class=\"ult-just-icon-wrapper  \"><div class=\"align-icon\" style=\"text-align:left;\">\n<div class=\"aio-icon none \"  style=\"font-size:32px;\">\n\t<i class=\"Defaults-leaf\"><\/i>\n<\/div><\/div><\/div><\/div><div class=\"uvc-main-heading ult-responsive\"  data-ultimate-target='.uvc-heading.ultimate-heading-490969d37bd904c53 h3'  data-responsive-json-new='{\"font-size\":\"\",\"line-height\":\"\"}' ><h3 style=\"font-weight:bold;margin-bottom:15px;\">EL CLUB<\/h3><\/div><div class=\"uvc-sub-heading ult-responsive\"  data-ultimate-target='.uvc-heading.ultimate-heading-490969d37bd904c53 .uvc-sub-heading '  data-responsive-json-new='{\"font-size\":\"\",\"line-height\":\"desktop:27px;\"}'  style=\"font-weight:normal;margin-bottom:20px;\">El Grupo de Monta\u00f1a Ganerantz de Portugalete, es una sociedad monta\u00f1era fundada el 14 de febrero de 1953, que se dedica a promover, propiciar y divulgar la pr\u00e1ctica de los diferentes deportes relacionados con la monta\u00f1a: Monta\u00f1ismo, Senderismo, Escalada, Orientaci\u00f3n, Carreras por Monta\u00f1a, Marcha N\u00f3rdica, etc.<\/p>\n<p>Su fundador y primer presidente fue Pablo Escudero Lav\u00edn, y est\u00e1 compuesto actualmente por m\u00e1s de 1.200 personas de distintas edades.<\/div><\/div>[\/vc_column_inner][vc_column_inner width=&#8221;1\/2&#8243; offset=&#8221;vc_col-lg-offset-0 vc_col-lg-4 vc_col-md-offset-0 vc_col-md-4 vc_col-sm-offset-0 vc_hidden-xs&#8221; css=&#8221;.vc_custom_1550511674362{padding-left: 40px !important;}&#8221;]<style type=\"text\/css\" data-type=\"the7_shortcodes-inline-css\">.shortcode-single-image-wrap.shortcode-single-image-ff01e5b9bb0b076ee9ee5ae573aa9f15.enable-bg-rollover .rollover i,\n.shortcode-single-image-wrap.shortcode-single-image-ff01e5b9bb0b076ee9ee5ae573aa9f15.enable-bg-rollover .rollover-video i {\n  background: -webkit-linear-gradient();\n  background: linear-gradient();\n}\n.shortcode-single-image-wrap.shortcode-single-image-ff01e5b9bb0b076ee9ee5ae573aa9f15 .rollover-icon {\n  font-size: 32px;\n  color: #ffffff;\n  min-width: 44px;\n  min-height: 44px;\n  line-height: 44px;\n  border-radius: 100px;\n  border-style: solid;\n  border-width: 0px;\n}\n.dt-icon-bg-on.shortcode-single-image-wrap.shortcode-single-image-ff01e5b9bb0b076ee9ee5ae573aa9f15 .rollover-icon {\n  background: rgba(255,255,255,0.3);\n  box-shadow: none;\n}<\/style><div class=\"shortcode-single-image-wrap shortcode-single-image-ff01e5b9bb0b076ee9ee5ae573aa9f15 alignnone  enable-bg-rollover dt-icon-bg-off\" style=\"margin-top:0px; margin-bottom:0px; margin-left:0px; margin-right:0px; width:800px;\"><div class=\"shortcode-single-image\"><div class=\"fancy-media-wrap  layzr-bg\" style=\"border-radius:800px;\"><img fetchpriority=\"high\" decoding=\"async\" class=\"preload-me lazy-load aspect\" src=\"data:image\/svg+xml,%3Csvg%20xmlns%3D&#39;http%3A%2F%2Fwww.w3.org%2F2000%2Fsvg&#39;%20viewBox%3D&#39;0%200%20600%20600&#39;%2F%3E\" data-src=\"https:\/\/ganerantz.com\/wp-content\/uploads\/2023\/03\/manos-600x600.jpg\" data-srcset=\"https:\/\/ganerantz.com\/wp-content\/uploads\/2023\/03\/manos-600x600.jpg 600w\" loading=\"eager\" sizes=\"(max-width: 600px) 100vw, 600px\" width=\"600\" height=\"600\"  data-dt-location=\"https:\/\/ganerantz.com\/eu\/club\/manos\/\" style=\"--ratio: 600 \/ 600;border-radius:800px;\" alt=\"\" \/><\/div><\/div><\/div>[\/vc_column_inner][\/vc_row_inner][vc_row_inner equal_height=&#8221;yes&#8221; content_placement=&#8221;middle&#8221; css=&#8221;.vc_custom_1679984554910{margin-bottom: 20px !important;}&#8221;][vc_column_inner width=&#8221;1\/2&#8243; offset=&#8221;vc_col-lg-offset-1 vc_col-lg-4 vc_col-md-offset-1 vc_col-md-4 vc_hidden-xs&#8221; css=&#8221;.vc_custom_1550511660681{padding-right: 40px !important;}&#8221;]<style type=\"text\/css\" data-type=\"the7_shortcodes-inline-css\">.shortcode-single-image-wrap.shortcode-single-image-6565b121dd7ca1a61fc0f26f41473cee.enable-bg-rollover .rollover i,\n.shortcode-single-image-wrap.shortcode-single-image-6565b121dd7ca1a61fc0f26f41473cee.enable-bg-rollover .rollover-video i {\n  background: -webkit-linear-gradient();\n  background: linear-gradient();\n}\n.shortcode-single-image-wrap.shortcode-single-image-6565b121dd7ca1a61fc0f26f41473cee .rollover-icon {\n  font-size: 32px;\n  color: #ffffff;\n  min-width: 44px;\n  min-height: 44px;\n  line-height: 44px;\n  border-radius: 100px;\n  border-style: solid;\n  border-width: 0px;\n}\n.dt-icon-bg-on.shortcode-single-image-wrap.shortcode-single-image-6565b121dd7ca1a61fc0f26f41473cee .rollover-icon {\n  background: rgba(255,255,255,0.3);\n  box-shadow: none;\n}<\/style><div class=\"shortcode-single-image-wrap shortcode-single-image-6565b121dd7ca1a61fc0f26f41473cee alignnone  enable-bg-rollover dt-icon-bg-off\" style=\"margin-top:0px; margin-bottom:0px; margin-left:0px; margin-right:0px; width:800px;\"><div class=\"shortcode-single-image\"><div class=\"fancy-media-wrap  layzr-bg\" style=\"border-radius:800px;\"><img decoding=\"async\" class=\"preload-me lazy-load aspect\" src=\"data:image\/svg+xml,%3Csvg%20xmlns%3D&#39;http%3A%2F%2Fwww.w3.org%2F2000%2Fsvg&#39;%20viewBox%3D&#39;0%200%20600%20600&#39;%2F%3E\" data-src=\"https:\/\/ganerantz.com\/wp-content\/uploads\/2023\/03\/senderismo-600x600.jpg\" data-srcset=\"https:\/\/ganerantz.com\/wp-content\/uploads\/2023\/03\/senderismo-600x600.jpg 600w\" loading=\"eager\" sizes=\"(max-width: 600px) 100vw, 600px\" width=\"600\" height=\"600\"  data-dt-location=\"https:\/\/ganerantz.com\/eu\/club\/senderismo\/\" style=\"--ratio: 600 \/ 600;border-radius:800px;\" alt=\"\" \/><\/div><\/div><\/div>[\/vc_column_inner][vc_column_inner width=&#8221;1\/2&#8243; offset=&#8221;vc_col-lg-offset-0 vc_col-lg-6 vc_col-md-offset-0 vc_col-md-6 vc_col-sm-offset-0 vc_col-xs-12&#8243; css=&#8221;.vc_custom_1550596751320{margin-bottom: 20px !important;border-left-width: 3px !important;padding-left: 40px !important;border-left-color: #75b325 !important;border-left-style: dashed !important;}&#8221;]<div id=\"ultimate-heading-198069d37bd92f203\" class=\"uvc-heading ult-adjust-bottom-margin ultimate-heading-198069d37bd92f203 uvc-9960 accent-icon-color uvc-heading-default-font-sizes\" data-hspacer=\"icon_only\"  data-halign=\"left\" style=\"text-align:left\"><div class=\"uvc-heading-spacer icon_only\" style=\"top\"><div class=\"ult-just-icon-wrapper  \"><div class=\"align-icon\" style=\"text-align:left;\">\n<div class=\"aio-icon none \"  style=\"font-size:32px;\">\n\t<i class=\"Defaults-leaf\"><\/i>\n<\/div><\/div><\/div><\/div><div class=\"uvc-main-heading ult-responsive\"  data-ultimate-target='.uvc-heading.ultimate-heading-198069d37bd92f203 h3'  data-responsive-json-new='{\"font-size\":\"\",\"line-height\":\"\"}' ><h3 style=\"font-weight:bold;margin-bottom:15px;\">ACTIVIDADES<\/h3><\/div><\/div><div class=\"standard-arrow list-divider bullet-top\"><ul>\n<li>Desarrollamos actividades al aire libre, para ense\u00f1ar, respetar y cuidar la naturaleza, adem\u00e1s de dar a conocer la Monta\u00f1a y su entorno.<\/li>\n<li>Asesoramos y tramitamos la Licencia Federativa, la cual nos permite participar de la afici\u00f3n a la monta\u00f1a con m\u00e1s seguridad.<\/li>\n<li>Realizamos cursillos de: T\u00e9cnicas Invernales y escalada en roca, Primeros auxilios, Interpretaci\u00f3n de planos y manejo de la Br\u00fajula, GPS b\u00e1sico y avanzado.<\/li>\n<li>Todas las actividades que realizamos est\u00e1n contempladas en un Calendario de Actividades, que se confecciona anualmente<\/li>\n<\/ul>\n<\/div><style type=\"text\/css\" data-type=\"the7_shortcodes-inline-css\">#default-btn-f4715948772dcc3386d5a8fb864a8012.ico-right-side > i {\n  margin-right: 0px;\n  margin-left: 8px;\n}\n#default-btn-f4715948772dcc3386d5a8fb864a8012 > i {\n  margin-right: 8px;\n}<\/style><div class=\"btn-align-center\"><a href=\"https:\/\/ganerantz.com\/actividades\/\" class=\"default-btn-shortcode dt-btn dt-btn-l link-hover-off ico-right-side full-width-btn \" id=\"default-btn-f4715948772dcc3386d5a8fb864a8012\"><span>Ver todas nuestras actividades<\/span><i class=\"fas fa-users\"><\/i><\/a><\/div>[\/vc_column_inner][\/vc_row_inner][vc_row_inner equal_height=&#8221;yes&#8221; content_placement=&#8221;middle&#8221;][vc_column_inner width=&#8221;1\/2&#8243; offset=&#8221;vc_col-lg-offset-1 vc_col-lg-6 vc_col-md-offset-1 vc_col-md-6 vc_col-xs-12&#8243; css=&#8221;.vc_custom_1550596807938{margin-bottom: 20px !important;border-left-width: 3px !important;padding-left: 40px !important;border-left-color: #75b325 !important;border-left-style: dashed !important;}&#8221;]<div id=\"ultimate-heading-638669d37bd92f929\" class=\"uvc-heading ult-adjust-bottom-margin ultimate-heading-638669d37bd92f929 uvc-1538 accent-icon-color uvc-heading-default-font-sizes\" data-hspacer=\"icon_only\"  data-halign=\"left\" style=\"text-align:left\"><div class=\"uvc-heading-spacer icon_only\" style=\"top\"><div class=\"ult-just-icon-wrapper  \"><div class=\"align-icon\" style=\"text-align:left;\">\n<div class=\"aio-icon none \"  style=\"font-size:32px;\">\n\t<i class=\"Defaults-leaf\"><\/i>\n<\/div><\/div><\/div><\/div><div class=\"uvc-main-heading ult-responsive\"  data-ultimate-target='.uvc-heading.ultimate-heading-638669d37bd92f929 h3'  data-responsive-json-new='{\"font-size\":\"\",\"line-height\":\"\"}' ><h3 style=\"font-weight:bold;margin-bottom:15px;\">M\u00c1S QUE UN DEPORTE<\/h3><\/div><div class=\"uvc-sub-heading ult-responsive\"  data-ultimate-target='.uvc-heading.ultimate-heading-638669d37bd92f929 .uvc-sub-heading '  data-responsive-json-new='{\"font-size\":\"\",\"line-height\":\"desktop:27px;\"}'  style=\"font-weight:normal;margin-bottom:20px;\">Nos tomamos la monta\u00f1a como algo m\u00e1s que un simple deporte, porque implica sentimientos de Solidaridad, Compa\u00f1erismo y Respeto hacia el Medio Ambiente que nos rodea.<\/div><\/div>[\/vc_column_inner][vc_column_inner width=&#8221;1\/2&#8243; offset=&#8221;vc_col-lg-offset-0 vc_col-lg-4 vc_col-md-offset-0 vc_col-md-4 vc_hidden-xs&#8221; css=&#8221;.vc_custom_1550511681130{padding-left: 40px !important;}&#8221;]<style type=\"text\/css\" data-type=\"the7_shortcodes-inline-css\">.shortcode-single-image-wrap.shortcode-single-image-c201b58aea83d464e75c87214b2da221.enable-bg-rollover .rollover i,\n.shortcode-single-image-wrap.shortcode-single-image-c201b58aea83d464e75c87214b2da221.enable-bg-rollover .rollover-video i {\n  background: -webkit-linear-gradient();\n  background: linear-gradient();\n}\n.shortcode-single-image-wrap.shortcode-single-image-c201b58aea83d464e75c87214b2da221 .rollover-icon {\n  font-size: 32px;\n  color: #ffffff;\n  min-width: 44px;\n  min-height: 44px;\n  line-height: 44px;\n  border-radius: 100px;\n  border-style: solid;\n  border-width: 0px;\n}\n.dt-icon-bg-on.shortcode-single-image-wrap.shortcode-single-image-c201b58aea83d464e75c87214b2da221 .rollover-icon {\n  background: rgba(255,255,255,0.3);\n  box-shadow: none;\n}<\/style><div class=\"shortcode-single-image-wrap shortcode-single-image-c201b58aea83d464e75c87214b2da221 alignnone  enable-bg-rollover dt-icon-bg-off\" style=\"margin-top:0px; margin-bottom:0px; margin-left:0px; margin-right:0px; width:800px;\"><div class=\"shortcode-single-image\"><div class=\"fancy-media-wrap  layzr-bg\" style=\"border-radius:800px;\"><img decoding=\"async\" class=\"preload-me lazy-load aspect\" src=\"data:image\/svg+xml,%3Csvg%20xmlns%3D&#39;http%3A%2F%2Fwww.w3.org%2F2000%2Fsvg&#39;%20viewBox%3D&#39;0%200%20564%20564&#39;%2F%3E\" data-src=\"https:\/\/ganerantz.com\/wp-content\/uploads\/2023\/03\/hojas-1-564x564.jpg\" data-srcset=\"https:\/\/ganerantz.com\/wp-content\/uploads\/2023\/03\/hojas-1-564x564.jpg 564w\" loading=\"eager\" sizes=\"(max-width: 564px) 100vw, 564px\" width=\"564\" height=\"564\"  data-dt-location=\"https:\/\/ganerantz.com\/eu\/club\/hojas\/\" style=\"--ratio: 564 \/ 564;border-radius:800px;\" alt=\"\" \/><\/div><\/div><\/div>[\/vc_column_inner][\/vc_row_inner][\/vc_column][\/vc_row]<\/p>\n<\/div>","protected":false},"excerpt":{"rendered":"<p>[vc_row][vc_column offset=&#8221;vc_col-lg-offset-0 vc_col-md-offset-0&#8243;][vc_row_inner equal_height=&#8221;yes&#8221; content_placement=&#8221;middle&#8221;][vc_column_inner width=&#8221;1\/2&#8243; offset=&#8221;vc_col-lg-offset-1 vc_col-lg-6 vc_col-md-offset-1 vc_col-md-6 vc_col-sm-offset-0 vc_col-xs-12&#8243; css=&#8221;.vc_custom_1550596702701{margin-bottom: 20px !important;border-left-width: 3px !important;padding-left: 40px !important;border-left-color: #75b325 !important;border-left-style: dashed !important;}&#8221;][\/vc_column_inner][vc_column_inner width=&#8221;1\/2&#8243; offset=&#8221;vc_col-lg-offset-0 vc_col-lg-4 vc_col-md-offset-0 vc_col-md-4 vc_col-sm-offset-0 vc_hidden-xs&#8221; css=&#8221;.vc_custom_1550511674362{padding-left: 40px !important;}&#8221;][\/vc_column_inner][\/vc_row_inner][vc_row_inner equal_height=&#8221;yes&#8221; content_placement=&#8221;middle&#8221; css=&#8221;.vc_custom_1679984554910{margin-bottom: 20px !important;}&#8221;][vc_column_inner width=&#8221;1\/2&#8243; offset=&#8221;vc_col-lg-offset-1 vc_col-lg-4 vc_col-md-offset-1 vc_col-md-4 vc_hidden-xs&#8221; css=&#8221;.vc_custom_1550511660681{padding-right: 40px !important;}&#8221;][\/vc_column_inner][vc_column_inner width=&#8221;1\/2&#8243; offset=&#8221;vc_col-lg-offset-0 vc_col-lg-6 vc_col-md-offset-0 vc_col-md-6 vc_col-sm-offset-0 vc_col-xs-12&#8243; css=&#8221;.vc_custom_1550596751320{margin-bottom:&hellip;<\/p>\n","protected":false},"author":1,"featured_media":0,"parent":0,"menu_order":17,"comment_status":"closed","ping_status":"closed","template":"","meta":{"footnotes":""},"class_list":["post-1934","page","type-page","status-publish","hentry","description-off"],"acf":[],"_links":{"self":[{"href":"https:\/\/ganerantz.com\/eu\/wp-json\/wp\/v2\/pages\/1934","targetHints":{"allow":["GET"]}}],"collection":[{"href":"https:\/\/ganerantz.com\/eu\/wp-json\/wp\/v2\/pages"}],"about":[{"href":"https:\/\/ganerantz.com\/eu\/wp-json\/wp\/v2\/types\/page"}],"author":[{"embeddable":true,"href":"https:\/\/ganerantz.com\/eu\/wp-json\/wp\/v2\/users\/1"}],"replies":[{"embeddable":true,"href":"https:\/\/ganerantz.com\/eu\/wp-json\/wp\/v2\/comments?post=1934"}],"version-history":[{"count":2,"href":"https:\/\/ganerantz.com\/eu\/wp-json\/wp\/v2\/pages\/1934\/revisions"}],"predecessor-version":[{"id":1936,"href":"https:\/\/ganerantz.com\/eu\/wp-json\/wp\/v2\/pages\/1934\/revisions\/1936"}],"wp:attachment":[{"href":"https:\/\/ganerantz.com\/eu\/wp-json\/wp\/v2\/media?parent=1934"}],"curies":[{"name":"wp","href":"https:\/\/api.w.org\/{rel}","templated":true}]}}