{"id":1922,"date":"2023-03-29T10:55:16","date_gmt":"2023-03-29T08:55:16","guid":{"rendered":"https:\/\/ganerantz.com\/en-caso-de-accidente\/"},"modified":"2023-05-04T16:33:23","modified_gmt":"2023-05-04T14:33:23","slug":"istripuren-bat-izanez-gero","status":"publish","type":"page","link":"https:\/\/ganerantz.com\/eu\/istripuren-bat-izanez-gero\/","title":{"rendered":"Istripuren bat izanez gero"},"content":{"rendered":"<div class=\"wpb-content-wrapper\"><p>[vc_row full_width=&#8221;stretch_row&#8221; css=&#8221;.vc_custom_1683210544494{margin-bottom: 35px !important;padding-top: 1em !important;background-color: #f7f1e3 !important;}&#8221;][vc_column width=&#8221;1\/3&#8243; css=&#8221;.vc_custom_1683207640615{padding-bottom: 1em !important;}&#8221;]<div id=\"ultimate-heading-83269d37bd50a8c7\" class=\"uvc-heading ult-adjust-bottom-margin ultimate-heading-83269d37bd50a8c7 uvc-2824 accent-subtitle-color uvc-heading-default-font-sizes\" data-hspacer=\"no_spacer\"  data-halign=\"center\" style=\"text-align:center\"><div class=\"uvc-heading-spacer no_spacer\" style=\"top\"><\/div><div class=\"uvc-main-heading ult-responsive\"  data-ultimate-target='.uvc-heading.ultimate-heading-83269d37bd50a8c7 h5'  data-responsive-json-new='{\"font-size\":\"\",\"line-height\":\"\"}' ><h5 style=\"font-weight:bold;\">Tel\u00e9fono de Mapfre<\/h5><\/div><div class=\"uvc-sub-heading ult-responsive\"  data-ultimate-target='.uvc-heading.ultimate-heading-83269d37bd50a8c7 .uvc-sub-heading '  data-responsive-json-new='{\"font-size\":\"desktop:24px;\",\"line-height\":\"desktop:40px;\"}'  style=\"font-weight:bold;\"><i class=\"fas fa-phone-square\" style=\"padding-right: 10px;\"><\/i><a href=\"tel:91836536\"><strong>918 365 36<\/strong><\/a><\/p>\n<p><\/div><\/div>[\/vc_column][vc_column width=&#8221;1\/3&#8243; css=&#8221;.vc_custom_1683207649143{padding-bottom: 1em !important;}&#8221;]<div id=\"ultimate-heading-779469d37bd50a97d\" class=\"uvc-heading ult-adjust-bottom-margin ultimate-heading-779469d37bd50a97d uvc-2834 accent-subtitle-color uvc-heading-default-font-sizes\" data-hspacer=\"no_spacer\"  data-halign=\"center\" style=\"text-align:center\"><div class=\"uvc-heading-spacer no_spacer\" style=\"top\"><\/div><div class=\"uvc-main-heading ult-responsive\"  data-ultimate-target='.uvc-heading.ultimate-heading-779469d37bd50a97d h5'  data-responsive-json-new='{\"font-size\":\"\",\"line-height\":\"\"}' ><h5 style=\"font-weight:bold;\">N\u00ba de p\u00f3liza<\/h5><\/div><div class=\"uvc-sub-heading ult-responsive\"  data-ultimate-target='.uvc-heading.ultimate-heading-779469d37bd50a97d .uvc-sub-heading '  data-responsive-json-new='{\"font-size\":\"desktop:24px;\",\"line-height\":\"desktop:40px;\"}'  style=\"font-weight:bold;\"><strong>055-1980000015<\/strong><\/div><\/div>[\/vc_column][vc_column width=&#8221;1\/3&#8243; css=&#8221;.vc_custom_1683208186040{padding-bottom: 1em !important;}&#8221;]<div id=\"ultimate-heading-78269d37bd50aa00\" class=\"uvc-heading ult-adjust-bottom-margin ultimate-heading-78269d37bd50aa00 uvc-5540 accent-subtitle-color uvc-heading-default-font-sizes\" data-hspacer=\"no_spacer\"  data-halign=\"center\" style=\"text-align:center\"><div class=\"uvc-heading-spacer no_spacer\" style=\"top\"><\/div><div class=\"uvc-main-heading ult-responsive\"  data-ultimate-target='.uvc-heading.ultimate-heading-78269d37bd50aa00 h5'  data-responsive-json-new='{\"font-size\":\"\",\"line-height\":\"\"}' ><h5 style=\"font-weight:bold;\">N\u00ba de licencia federativa<\/h5><\/div><div class=\"uvc-sub-heading ult-responsive\"  data-ultimate-target='.uvc-heading.ultimate-heading-78269d37bd50aa00 .uvc-sub-heading '  data-responsive-json-new='{\"font-size\":\"desktop:24px;\",\"line-height\":\"desktop:40px;\"}'  style=\"font-weight:bold;\">Tu DNI<\/div><\/div>[\/vc_column][\/vc_row][vc_row][vc_column][vc_column_text]Para poder acceder a la asistencia sanitaria es imprescindible seguir los siguientes pasos:<\/p>\n<ol>\n<li>Poner en conocimiento a Mapfre el accidente, llamando al Centro de Atenci\u00f3n 24 horas de Mapfre, tel\u00e9fono <a href=\"tel:91836536\"><strong>918 365 36<\/strong><\/a><br \/>\nPara casos de Asistencia desde el Extranjero, especificar que se trata de un siniestro ocurrido en el extranjero, y en qu\u00e9 pa\u00eds nos encontramos EN TODO CASO: tener en cuenta el <strong>N\u00ba DE POLIZA (055-1980000015)<\/strong> para indic\u00e1rselo al Agente telef\u00f3nico<\/li>\n<li>Tras la locuci\u00f3n: Diga brevemente el motivo de su llamada, <strong>indicar la palabra &#8220;Monta\u00f1a&#8221;<\/strong> para que la llamada sea direccionada adecuadamente. En la comunicaci\u00f3n telef\u00f3nica debe facilitarse:\n<ul>\n<li>Datos personales del lesionado<\/li>\n<li>Fecha y forma de ocurrencia<\/li>\n<li>Lugar de ocurrencia<\/li>\n<li>Da\u00f1os f\u00edsicos<br \/>\nAl finalizar la llamada el Agente le facilitar\u00e1 <strong>Centro M\u00e9dico concertado<\/strong> m\u00e1s cercano y su <strong>N\u00ba de Expediente<\/strong>, el cual deber\u00e1 guardar y anotar en el encabezamiento del Parte de Accidentes.<\/li>\n<\/ul>\n<\/li>\n<li>El lesionado deber\u00e1 cumplimentar y firmar a la mayor brevedad posible el <strong>Parte de Accidentes<\/strong>, que estar\u00e1 a su disposici\u00f3n en los Centros de referencia. En caso de que el centro no disponga del parte, o para siniestros ocurridos en el extranjero, <span style=\"text-decoration: underline;\">se podr\u00e1 disponer del mismo en la Web de la EMF y en cada una de las Federaciones territoriales<\/span>.<\/li>\n<li>El Parte de Accidentes firmado y sellado se deber\u00e1 remitir, a la mayor brevedad posible mediante correo electr\u00f3nico a la direcci\u00f3n <strong><a href=\"mailto:daper.mapgen@mapfre.com\">daper.mapgen@mapfre.com<\/a><\/strong>, indicando en el asunto del mismo el n\u00famero de expediente.<\/li>\n<\/ol>\n<p>[\/vc_column_text][\/vc_column][\/vc_row]<\/p>\n<\/div>","protected":false},"excerpt":{"rendered":"<p>[vc_row full_width=&#8221;stretch_row&#8221; css=&#8221;.vc_custom_1683210544494{margin-bottom: 35px !important;padding-top: 1em !important;background-color: #f7f1e3 !important;}&#8221;][vc_column width=&#8221;1\/3&#8243; css=&#8221;.vc_custom_1683207640615{padding-bottom: 1em !important;}&#8221;][\/vc_column][vc_column width=&#8221;1\/3&#8243; css=&#8221;.vc_custom_1683207649143{padding-bottom: 1em !important;}&#8221;][\/vc_column][vc_column width=&#8221;1\/3&#8243; css=&#8221;.vc_custom_1683208186040{padding-bottom: 1em !important;}&#8221;][\/vc_column][\/vc_row][vc_row][vc_column][vc_column_text]Para poder acceder a la asistencia sanitaria es imprescindible seguir los siguientes pasos: Poner en conocimiento a Mapfre el accidente, llamando al Centro de Atenci\u00f3n 24 horas de Mapfre, tel\u00e9fono 918 365 36 Para casos&hellip;<\/p>\n","protected":false},"author":1,"featured_media":1447,"parent":0,"menu_order":0,"comment_status":"closed","ping_status":"closed","template":"","meta":{"footnotes":""},"class_list":["post-1922","page","type-page","status-publish","has-post-thumbnail","hentry","description-off"],"acf":[],"_links":{"self":[{"href":"https:\/\/ganerantz.com\/eu\/wp-json\/wp\/v2\/pages\/1922","targetHints":{"allow":["GET"]}}],"collection":[{"href":"https:\/\/ganerantz.com\/eu\/wp-json\/wp\/v2\/pages"}],"about":[{"href":"https:\/\/ganerantz.com\/eu\/wp-json\/wp\/v2\/types\/page"}],"author":[{"embeddable":true,"href":"https:\/\/ganerantz.com\/eu\/wp-json\/wp\/v2\/users\/1"}],"replies":[{"embeddable":true,"href":"https:\/\/ganerantz.com\/eu\/wp-json\/wp\/v2\/comments?post=1922"}],"version-history":[{"count":1,"href":"https:\/\/ganerantz.com\/eu\/wp-json\/wp\/v2\/pages\/1922\/revisions"}],"predecessor-version":[{"id":1923,"href":"https:\/\/ganerantz.com\/eu\/wp-json\/wp\/v2\/pages\/1922\/revisions\/1923"}],"wp:featuredmedia":[{"embeddable":true,"href":"https:\/\/ganerantz.com\/eu\/wp-json\/wp\/v2\/media\/1447"}],"wp:attachment":[{"href":"https:\/\/ganerantz.com\/eu\/wp-json\/wp\/v2\/media?parent=1922"}],"curies":[{"name":"wp","href":"https:\/\/api.w.org\/{rel}","templated":true}]}}