{"id":1908,"date":"2023-03-30T14:10:12","date_gmt":"2023-03-30T12:10:12","guid":{"rendered":"https:\/\/ganerantz.com\/jarduerak\/sobre-las-actividades\/"},"modified":"2024-02-06T17:52:36","modified_gmt":"2024-02-06T16:52:36","slug":"jarduerei-buruz","status":"publish","type":"page","link":"https:\/\/ganerantz.com\/eu\/jarduerak\/jarduerei-buruz\/","title":{"rendered":"Jarduerei buruz"},"content":{"rendered":"<div class=\"wpb-content-wrapper\"><p>[vc_row css=&#8221;.vc_custom_1680185333110{margin-bottom: 35px !important;}&#8221;][vc_column][vc_column_text]<\/p>\n<h3>C\u00f3mo inscribirse en una excursi\u00f3n de domingo<\/h3>\n<p>Las inscripciones en las actividades de monta\u00f1a de un d\u00eda se abrir\u00e1n, en general, con 2 semanas de antelaci\u00f3n a la fecha de realizaci\u00f3n de la actividad y se podr\u00e1 apuntar <a href=\"https:\/\/ganerantz.com\/eu\/jarduerak\/\">aqu\u00ed<\/a>. El precio de las salidas de domingo es de <strong>13 \u20ac<\/strong> socia\/o y <strong>16 \u20ac<\/strong> no socia\/o.<\/p>\n<p>Una vez llenado el bus, hay que apuntarse de reserva comunic\u00e1ndolo al Club por Correo o Tel\u00e9fono y si fuese posible, pedir\u00edamos autob\u00fas con m\u00e1s plazas u otro Autob\u00fas, en estos dos casos el precio ser\u00eda <strong>16 \u20ac<\/strong> y <strong>20 \u20ac<\/strong> respectivamente.<\/p>\n<p>Las <strong>normas de participaci\u00f3n<\/strong> en las actividades programadas por el Ganerantz Mendizale Taldea son las siguientes:<\/p>\n<ul>\n<li>En las actividades pueden participar tanto las socias\/os del Club como las personas que no lo son, excepto en los cursillos.<\/li>\n<li>Los menores de 18 a\u00f1os podr\u00e1n participar en las actividades siempre y cuando est\u00e9n acompa\u00f1ados por un mayor responsable, excepto en aquellas actividades dise\u00f1adas espec\u00edficamente para este colectivo.<\/li>\n<li>La marcha \u201cLa Roma\u00f1a\u201d tampoco est\u00e1 contemplada en esta tarifa. Los precios de la misma estar\u00e1n en funci\u00f3n de la financiaci\u00f3n que se consiga y de los costes estimados para su desarrollo.<\/li>\n<\/ul>\n<p>[\/vc_column_text][\/vc_column][\/vc_row][vc_row css=&#8221;.vc_custom_1680185723555{margin-bottom: 35px !important;}&#8221;][vc_column][vc_message message_box_style=&#8221;3d&#8221;]Para optar al precio de socia\/o en las salidas y actividades se tendr\u00e1 que haber satisfecho la cuota anual antes del dia <strong>28 de febrero<\/strong> del a\u00f1o en curso.[\/vc_message][\/vc_column][\/vc_row][vc_row css=&#8221;.vc_custom_1680185548654{margin-bottom: 35px !important;}&#8221;][vc_column][vc_column_text]<\/p>\n<h3>C\u00f3mo inscribirse en una excursi\u00f3n de varios d\u00edas<\/h3>\n<p>Las inscripciones en las actividades de monta\u00f1a de varios d\u00edas se abrir\u00e1n como m\u00ednimo con un mes de antelaci\u00f3n o antes en base a las necesidades log\u00edsticas que impliquen la misma. En la propia actividad viene el d\u00eda que se abren las inscripciones<\/p>\n<p>El precio de la actividad se fijar\u00e1 en base a los costes de la misma y existir\u00e1n 2 precios, uno para las socias\/os del Club y otro para las personas que no lo son. Adem\u00e1s, en aquellas actividades que impliquen el uso de refugios de monta\u00f1a se exigir\u00e1 la federaci\u00f3n en FEDME.<\/p>\n<p>El abono de las actividades de monta\u00f1a del Club de varios d\u00edas se debe satisfacer en 2 pagos (m\u00ednimo 50 \u20ac). El primer pago es un anticipo en concepto de reserva que se debe realizar en el momento de la inscripci\u00f3n, y el segundo pago deber\u00e1 estar realizado como m\u00ednimo con una antelaci\u00f3n de 10 d\u00edas a la fecha de inicio de la actividad. Los inscritos en los \u00faltimos 10 d\u00edas deber\u00e1n satisfacer el importe en un \u00fanico pago en el momento de realizar la inscripci\u00f3n.<\/p>\n<p>El participar en las actividades de monta\u00f1a del Club implica que se debe leer la informaci\u00f3n referente a la ruta, con objeto de hacerse una idea de las posibles dificultades que puedan encontrarse en la misma en referencia a la condici\u00f3n f\u00edsica u otras razones que puedan afectar al participante, y, como requisito legal, hay que leer y \u201cClicar\u201d en el documento \u201cConsentimiento informado sobre la participaci\u00f3n en las actividades\u201d por cada actividad monta\u00f1era en la que se participe. Esto se realiza en el momento de apuntarse a trav\u00e9s de la web.<\/p>\n<p>El pago de los cursillos se debe realizar en un \u00fanico pago en el momento de inscribirse.[\/vc_column_text][\/vc_column][\/vc_row][vc_row css=&#8221;.vc_custom_1681821106244{margin-bottom: 35px !important;}&#8221;][vc_column][vc_message message_box_style=&#8221;3d&#8221;]Para optar a precios de socia\/o en las salidas de varios d\u00edas es imprescindible pertenecer al Club desde al menos <strong>1 a\u00f1o antes<\/strong>.[\/vc_message][\/vc_column][\/vc_row][vc_row][vc_column][vc_message message_box_style=&#8221;3d&#8221;]Estas son las <strong>cuentas del club<\/strong>:<\/p>\n<p><p><strong>Caja Laboral:<\/strong><br \/>\nES63 3035 0062 32 0620000963<\/p>\n<p><strong>BBK:<\/strong><br \/>\nES07 2095 0382 57 9019300671<\/p>\n[\/vc_message][\/vc_column][\/vc_row]<\/p>\n<\/div>","protected":false},"excerpt":{"rendered":"<p>[vc_row css=&#8221;.vc_custom_1680185333110{margin-bottom: 35px !important;}&#8221;][vc_column][vc_column_text] C\u00f3mo inscribirse en una excursi\u00f3n de domingo Las inscripciones en las actividades de monta\u00f1a de un d\u00eda se abrir\u00e1n, en general, con 2 semanas de antelaci\u00f3n a la fecha de realizaci\u00f3n de la actividad y se podr\u00e1 apuntar aqu\u00ed. El precio de las salidas de domingo es de 13 \u20ac socia\/o&hellip;<\/p>\n","protected":false},"author":1,"featured_media":0,"parent":1903,"menu_order":3,"comment_status":"closed","ping_status":"closed","template":"","meta":{"footnotes":""},"class_list":["post-1908","page","type-page","status-publish","hentry","description-off"],"acf":[],"_links":{"self":[{"href":"https:\/\/ganerantz.com\/eu\/wp-json\/wp\/v2\/pages\/1908","targetHints":{"allow":["GET"]}}],"collection":[{"href":"https:\/\/ganerantz.com\/eu\/wp-json\/wp\/v2\/pages"}],"about":[{"href":"https:\/\/ganerantz.com\/eu\/wp-json\/wp\/v2\/types\/page"}],"author":[{"embeddable":true,"href":"https:\/\/ganerantz.com\/eu\/wp-json\/wp\/v2\/users\/1"}],"replies":[{"embeddable":true,"href":"https:\/\/ganerantz.com\/eu\/wp-json\/wp\/v2\/comments?post=1908"}],"version-history":[{"count":4,"href":"https:\/\/ganerantz.com\/eu\/wp-json\/wp\/v2\/pages\/1908\/revisions"}],"predecessor-version":[{"id":29865,"href":"https:\/\/ganerantz.com\/eu\/wp-json\/wp\/v2\/pages\/1908\/revisions\/29865"}],"up":[{"embeddable":true,"href":"https:\/\/ganerantz.com\/eu\/wp-json\/wp\/v2\/pages\/1903"}],"wp:attachment":[{"href":"https:\/\/ganerantz.com\/eu\/wp-json\/wp\/v2\/media?parent=1908"}],"curies":[{"name":"wp","href":"https:\/\/api.w.org\/{rel}","templated":true}]}}