				
						
		{"id":1906,"date":"2023-04-18T17:49:18","date_gmt":"2023-04-18T15:49:18","guid":{"rendered":"https:\/\/ganerantz.com\/jarduerak\/calendario\/"},"modified":"2023-05-04T14:50:26","modified_gmt":"2023-05-04T12:50:26","slug":"egutegia","status":"publish","type":"page","link":"https:\/\/ganerantz.com\/eu\/jarduerak\/egutegia\/","title":{"rendered":"Jardueren egutegia"},"content":{"rendered":"\t\t\n\t\t<div class=\"mb-2-em\">\n\t\t\t<label id=\"label-seleccionar-calendario\" for=\"select-anos-calendar\" class=\"mr-1-em\">\n\t\t\t\tAukeratu egutegia:\n\t\t\t<\/label>\n\t\t\t\n\t\t\t<select id=\"select-anos-calendar\" style=\"width: 6.5em; min-height: auto\">\n\t\t\t\t\t\t\t\t\t<option  selected='selected'>2026<\/option>\n\t\t\t\t\t\t\t\t\t<option >2025<\/option>\n\t\t\t\t\t\t\t\t\t<option >2024<\/option>\n\t\t\t\t\t\t\t\t\t<option >2023<\/option>\n\t\t\t\t\t\t\t\t\t<option >2022<\/option>\n\t\t\t\t\t\t\t\t\t<option >2021<\/option>\n\t\t\t\t\t\t\t\t\t<option >2020<\/option>\n\t\t\t\t\t\t\t\t\t<option >2019<\/option>\n\t\t\t\t\t\t\t\t\t<option >2018<\/option>\n\t\t\t\t\t\t\t\t\t<option >2017<\/option>\n\t\t\t\t\t\t\t\t\t<option >2016<\/option>\n\t\t\t\t\t\t\t\t\t<option >2015<\/option>\n\t\t\t\t\t\t\t\t\t<option >2014<\/option>\n\t\t\t\t\t\t\t\t\t<option >2013<\/option>\n\t\t\t\t\t\t\t\t\t<option >2012<\/option>\n\t\t\t\t\t\t\t\t\t<option >2011<\/option>\n\t\t\t\t\t\t\t<\/select>\n\t\t\t\n\t\t\t\n\t\t<i class='fas fa-spinner fa-spin ml-1-em visibility-hidden fa-fw' \n\t\t\tid='icono-cargando-calendario' \n\t\t\ttitle='' \n\t\t\tstyle=';color:var(--the7-accent-color)' \n\t\t>\n\t\t<\/i>\t\t<\/div>\n\t\t\n\t\t\n\t\t<table id='' class=\"table table-striped\" >\n\t\t\t<thead>\n\t\t<tr >\n\t\t\t<th   style=\"width:7em\">Data<\/th><th   >Jarduera<\/th>\n\t\t<\/tr>\n\t<\/thead><tbody>\n\t\t<tr >\n\t\t\t<td   >2026-01-01<\/td><td   ><a href=\"https:\/\/ganerantz.com\/eu\/actividad\/kedada-ano-nuevo-2026-serantes\/\">Kedada a\u00f1o nuevo 2026: Serantes<\/a><\/td>\n\t\t<\/tr>\n\t\n\t\t<tr >\n\t\t\t<td   >2026-01-11<\/td><td   ><a href=\"https:\/\/ganerantz.com\/eu\/actividad\/puerto-de-otzaurte-segura-aztio-marinamendi-aizleor-unamendi\/\">Puerto de Otzaurte-Segura: Aztio\u2013Mari\u00f1amendi\u2013Aizleor\/Unamendi<\/a><\/td>\n\t\t<\/tr>\n\t\n\t\t<tr >\n\t\t\t<td   >2026-01-25<\/td><td   ><a href=\"https:\/\/ganerantz.com\/eu\/actividad\/circular-desde-lagran-jaunden-semendia\/\">Circular desde Lagr\u00e1n: Jaunden\u2013Semendia<\/a><\/td>\n\t\t<\/tr>\n\t\n\t\t<tr >\n\t\t\t<td   >2026-02-08<\/td><td   ><a href=\"https:\/\/ganerantz.com\/eu\/actividad\/km-86-carretera-valdezcaray-estacion-de-esqui-chilizarrias-guilicerra-cuna-cabeza-parda\/\">Km 8,6 carretera Valdezcaray\u2013Estaci\u00f3n de esqu\u00ed: Chilizarrias\u2013Guilicerra\u2013Cu\u00f1a\u2013Cabeza Parda<\/a><\/td>\n\t\t<\/tr>\n\t\n\t\t<tr >\n\t\t\t<td   >2026-02-22<\/td><td   ><a href=\"https:\/\/ganerantz.com\/eu\/actividad\/lizartza-alegia-munobil-otsabio-laparmendi\/\">Lizartza\u2013Alegia: Mu\u00f1obil\/Otsabio\u2013Laparmendi<\/a><\/td>\n\t\t<\/tr>\n\t\n\t\t<tr >\n\t\t\t<td   >2026-03-08<\/td><td   ><a href=\"https:\/\/ganerantz.com\/eu\/actividad\/azparren-oroz-betelu-baxa\/\">Azparren\u2013Oroz Betelu: Baxa<\/a><\/td>\n\t\t<\/tr>\n\t\n\t\t<tr >\n\t\t\t<td   >2026-03-15<\/td><td   ><a href=\"https:\/\/ganerantz.com\/eu\/actividad\/liga-de-senderismo-serantes-por-gr-123\/\">Liga de Senderismo: Serantes por GR-123<\/a><\/td>\n\t\t<\/tr>\n\t\n\t\t<tr >\n\t\t\t<td   >2026-03-19<\/td><td   ><a href=\"https:\/\/ganerantz.com\/eu\/actividad\/puente-de-san-jose-montanas-de-zuberoa\/\">Puente de San Jos\u00e9: Monta\u00f1as de Zuberoa<\/a><\/td>\n\t\t<\/tr>\n\t\n\t\t<tr >\n\t\t\t<td   >2026-03-29<\/td><td   ><a href=\"https:\/\/ganerantz.com\/eu\/actividad\/puerto-de-los-tornos-lanestosa-mortera-la-comida-en-ogarrio-y-entrega-de-trofeos\/\">Puerto de los Tornos\u2013Lanestosa: Mortera, La; Comida en Ogarrio y entrega de trofeos<\/a><\/td>\n\t\t<\/tr>\n\t\n\t\t<tr >\n\t\t\t<td   >2026-04-01<\/td><td   ><a href=\"https:\/\/ganerantz.com\/eu\/actividad\/semana-santa-en-cazorla-yelmo-cabanas-empanada-gilillo\/\">Semana Santa en Cazorla: Yelmo-Caba\u00f1as-Empanada-Gilillo<\/a><\/td>\n\t\t<\/tr>\n\t\n\t\t<tr >\n\t\t\t<td   >2026-04-02<\/td><td   ><a href=\"https:\/\/ganerantz.com\/eu\/actividad\/semana-santa-invernal-desde-refugios-de-lizara-y-candanchu\/\">Semana Santa Invernal desde Refugios de Lizara y Candanch\u00fa<\/a><\/td>\n\t\t<\/tr>\n\t\n\t\t<tr >\n\t\t\t<td   >2026-04-06<\/td><td   ><a href=\"https:\/\/ganerantz.com\/eu\/actividad\/dia-de-kornites-2026\/\">D\u00eda de Kornites 2026<\/a><\/td>\n\t\t<\/tr>\n\t\n\t\t<tr >\n\t\t\t<td   >2026-04-12<\/td><td   ><a href=\"https:\/\/ganerantz.com\/eu\/actividad\/ason-san-roque-de-rio-miera-porracolina-cubios\/\">As\u00f3n\u2013San Roque de R\u00edo Miera: Porracolina-Cubios<\/a><\/td>\n\t\t<\/tr>\n\t\n\t\t<tr >\n\t\t\t<td   >2026-04-19<\/td><td   ><a href=\"https:\/\/ganerantz.com\/eu\/actividad\/desde-la-ermita-de-la-virgen-de-lomos-de-orio-mesa-cebollera-cebollera\/\">Desde la Ermita de la Virgen de Lomos de Orio: Mesa Cebollera\u2013 Cebollera<\/a><\/td>\n\t\t<\/tr>\n\t\n\t\t<tr >\n\t\t\t<td   >2026-04-30<\/td><td   ><a href=\"https:\/\/ganerantz.com\/eu\/actividad\/sierra-de-bejar-y-candelario-pena-negra-canchal-de-la-ceja-calvitero\/\">Sierra de Bejar y Candelario: Pe\u00f1a Negra-Canchal de la Ceja-Calvitero<\/a><\/td>\n\t\t<\/tr>\n\t\n\t\t<tr >\n\t\t\t<td   >2026-05-09<\/td><td   ><a href=\"https:\/\/ganerantz.com\/eu\/actividad\/xx-marcha-de-fondo-la-romana-ampuero-portugalete\/\">XX Marcha de fondo &#8220;La Roma\u00f1a&#8221;: Ampuero-Portugalete<\/a><\/td>\n\t\t<\/tr>\n\t\n\t\t<tr >\n\t\t\t<td   >2026-05-17<\/td><td   ><a href=\"https:\/\/ganerantz.com\/eu\/actividad\/desde-ramales-de-la-victoria-san-vicente-homenaje-a-jose-maria-rodrigo-txema\/\">Desde Ramales de la Victoria: San Vicente (Homenaje a Jose Mar\u00eda Rodrigo (Txema)<\/a><\/td>\n\t\t<\/tr>\n\t\n\t\t<tr >\n\t\t\t<td   >2026-05-21<\/td><td   ><a href=\"https:\/\/ganerantz.com\/eu\/actividad\/camino-portugues-de-la-costa-caminos-monacal-y-espiritual\/\">Camino portugu\u00e9s de la costa (Caminos Monacal y Espiritual)<\/a><\/td>\n\t\t<\/tr>\n\t\n\t\t<tr >\n\t\t\t<td   >2026-06-14<\/td><td   ><a href=\"https:\/\/ganerantz.com\/eu\/actividad\/puerto-de-artesiaga-elizondo-okoro-pena-alba\/\">Puerto de Artesiaga\u2013Elizondo: Okoro\u2013 Pe\u00f1a Alba<\/a><\/td>\n\t\t<\/tr>\n\t\n\t\t<tr >\n\t\t\t<td   >2026-06-16<\/td><td   ><a href=\"https:\/\/ganerantz.com\/eu\/actividad\/1a-salida-especial-al-mgoun-en-marruecos\/\">1\u00aa Salida especial al M\u2019Goun en Marruecos<\/a><\/td>\n\t\t<\/tr>\n\t\n\t\t<tr >\n\t\t\t<td   >2026-06-23<\/td><td   ><a href=\"https:\/\/ganerantz.com\/eu\/actividad\/2a-salida-especial-al-mgoun-en-marruecos\/\">2\u00aa Salida especial al M\u2019Goun en Marruecos<\/a><\/td>\n\t\t<\/tr>\n\t\n\t\t<tr >\n\t\t\t<td   >2026-06-26<\/td><td   ><a href=\"https:\/\/ganerantz.com\/eu\/actividad\/pirineo-navarro-y-oscense-desde-siresa\/\">Pirineo Navarro y Oscense desde Siresa<\/a><\/td>\n\t\t<\/tr>\n\t\n\t\t<tr >\n\t\t\t<td   >2026-07-12<\/td><td   ><a href=\"https:\/\/ganerantz.com\/eu\/actividad\/puerto-de-lizarraga-unanu-alto-de-las-bordas-viejas-beriain\/\">Puerto de Lizarraga\u2013Unanu: Alto de las Bordas Viejas\u2013Beriain<\/a><\/td>\n\t\t<\/tr>\n\t\n\t\t<tr >\n\t\t\t<td   >2026-07-25<\/td><td   ><a href=\"https:\/\/ganerantz.com\/eu\/actividad\/picos-de-europa-desde-el-refugio-hotel-de-aliva-pena-vieja-pico-cortes\/\">Picos de Europa desde el Refugio\/Hotel de \u00c1liva: Pe\u00f1a Vieja-Pico Cort\u00e9s<\/a><\/td>\n\t\t<\/tr>\n\t\n\t\t<tr >\n\t\t\t<td   >2026-08-01<\/td><td   ><a href=\"https:\/\/ganerantz.com\/eu\/actividad\/eslovenia-alpes-julianos\/\">Eslovenia-Alpes Julianos<\/a><\/td>\n\t\t<\/tr>\n\t\n\t\t<tr >\n\t\t\t<td   >2026-08-21<\/td><td   ><a href=\"https:\/\/ganerantz.com\/eu\/actividad\/los-7-centenarios-de-sierra-nevada-cerro-pelado-chullo-alcazaba-veleta-mulhacen-caballlo-trevenque\/\">Los 7 Centenarios de Sierra Nevada: Cerro Pelado-Chullo-Alcazaba-Veleta-Mulhac\u00e9n-Caballlo-Trevenque<\/a><\/td>\n\t\t<\/tr>\n\t\n\t\t<tr >\n\t\t\t<td   >2026-09-11<\/td><td   ><a href=\"https:\/\/ganerantz.com\/eu\/actividad\/cordillera-cantabrica-y-montes-de-leon-branacaballo-pico-fontun-o-machacado\/\">Cordillera Cant\u00e1brica y Montes de Le\u00f3n: Bra\u00f1acaballo-Pico Font\u00fan o Machacado<\/a><\/td>\n\t\t<\/tr>\n\t\n\t\t<tr >\n\t\t\t<td   >2026-09-19<\/td><td   ><a href=\"https:\/\/ganerantz.com\/eu\/actividad\/iii-marcha-nordica-ganerantz-valedera-para-la-v-copa-vasconavarra\/\">III Marcha N\u00f3rdica Ganerantz, valedera para la V Copa Vasconavarra<\/a><\/td>\n\t\t<\/tr>\n\t\n\t\t<tr >\n\t\t\t<td   >2026-09-20<\/td><td   ><a href=\"https:\/\/ganerantz.com\/eu\/actividad\/kedada-dia-del-recuerdo-besaide-memaia\/\">Kedada d\u00eda del Recuerdo: Besaide-Memaia<\/a><\/td>\n\t\t<\/tr>\n\t\n\t\t<tr >\n\t\t\t<td   >2026-09-27<\/td><td   ><a href=\"https:\/\/ganerantz.com\/eu\/actividad\/logibaria-lixantzili-lichans-zalhagana-lexantzumendi\/\">Logibaria-Lixantzili (Lichans): Zalhagana\u2013Lexantz\u00fcmendi<\/a><\/td>\n\t\t<\/tr>\n\t\n\t\t<tr >\n\t\t\t<td   >2026-10-10<\/td><td   ><a href=\"https:\/\/ganerantz.com\/eu\/actividad\/montanas-de-teruel-sierra-alta-javalambre-penarroya\/\">Monta\u00f1as de Teruel: Sierra Alta-Javalambre-Pe\u00f1arroya<\/a><\/td>\n\t\t<\/tr>\n\t\n\t\t<tr >\n\t\t\t<td   >2026-10-18<\/td><td   ><a href=\"https:\/\/ganerantz.com\/eu\/actividad\/dia-del-club-orientacion-en-la-arboleda\/\">D\u00eda del Club: Orientaci\u00f3n en La Arboleda<\/a><\/td>\n\t\t<\/tr>\n\t\n\t\t<tr >\n\t\t\t<td   >2026-10-25<\/td><td   ><a href=\"https:\/\/ganerantz.com\/eu\/actividad\/astrana-ramales-de-la-victoria-mazo-grande-hornijo-2\/\">Astrana\u2013Ramales de la Victoria: Mazo Grande \u2013 Hornijo<\/a><\/td>\n\t\t<\/tr>\n\t\n\t\t<tr >\n\t\t\t<td   >2026-11-08<\/td><td   ><a href=\"https:\/\/ganerantz.com\/eu\/actividad\/izko-ayesa-lantxurda-santa-agata\/\">Izko\u2013Ayesa: Lantxurda \u2013 Santa \u00c1gata<\/a><\/td>\n\t\t<\/tr>\n\t\n\t\t<tr >\n\t\t\t<td   >2026-11-22<\/td><td   ><a href=\"https:\/\/ganerantz.com\/eu\/actividad\/arano-besabi-leuneta-azketa-zaburu-adarra\/\">Arano\u2013Besabi: Leuneta-Azketa-Zaburu-Adarra<\/a><\/td>\n\t\t<\/tr>\n\t\n\t\t<tr >\n\t\t\t<td   >2026-12-05<\/td><td   ><a href=\"https:\/\/ganerantz.com\/eu\/actividad\/bardenas-reales-pena-isasa-cabezo-del-fraile-punta-la-negra-nasa-alta\/\">Bardenas Reales: Pe\u00f1a Isasa-Cabezo del Fraile-Punta La Negra-Nasa Alta<\/a><\/td>\n\t\t<\/tr>\n\t\n\t\t<tr >\n\t\t\t<td   >2026-12-20<\/td><td   ><a href=\"https:\/\/ganerantz.com\/eu\/actividad\/puerto-de-etxegarate-puerto-de-otzaurte-gazteluberri-txurruko-punta\/\">Puerto de Etxegarate\u2013Puerto de Otzaurte: Gazteluberri\u2013Txurruko Punta<\/a><\/td>\n\t\t<\/tr>\n\t\n\t\t<tr >\n\t\t\t<td   >2026-12-27<\/td><td   ><a href=\"https:\/\/ganerantz.com\/eu\/actividad\/dia-del-turron-2026-ganeran\/\">D\u00eda del Turr\u00f3n 2026: Ganeran<\/a><\/td>\n\t\t<\/tr>\n\t\n\t\t<tr >\n\t\t\t<td   >2026-12-30<\/td><td   ><a href=\"https:\/\/ganerantz.com\/eu\/actividad\/circular-desde-canteras-de-murua-gorbeia\/\">Circular desde Canteras de Murua: Gorbeia<\/a><\/td>\n\t\t<\/tr>\n\t<\/tbody>\n\t\t<\/table>\n\t\n","protected":false},"excerpt":{"rendered":"<p>Aukeratu egutegia: 2026 2025 2024 2023 2022 2021 2020 2019 2018 2017 2016 2015 2014 2013 2012 2011 DataJarduera 2026-01-01Kedada a\u00f1o nuevo 2026: Serantes 2026-01-11Puerto de Otzaurte-Segura: Aztio\u2013Mari\u00f1amendi\u2013Aizleor\/Unamendi 2026-01-25Circular desde Lagr\u00e1n: Jaunden\u2013Semendia 2026-02-08Km 8,6 carretera Valdezcaray\u2013Estaci\u00f3n de esqu\u00ed: Chilizarrias\u2013Guilicerra\u2013Cu\u00f1a\u2013Cabeza Parda 2026-02-22Lizartza\u2013Alegia: Mu\u00f1obil\/Otsabio\u2013Laparmendi 2026-03-08Azparren\u2013Oroz Betelu: Baxa 2026-03-15Liga de Senderismo: Serantes por GR-123 2026-03-19Puente de San Jos\u00e9:&hellip;<\/p>\n","protected":false},"author":1,"featured_media":0,"parent":1903,"menu_order":5,"comment_status":"closed","ping_status":"closed","template":"","meta":{"footnotes":""},"class_list":["post-1906","page","type-page","status-publish","hentry","description-off"],"acf":[],"_links":{"self":[{"href":"https:\/\/ganerantz.com\/eu\/wp-json\/wp\/v2\/pages\/1906","targetHints":{"allow":["GET"]}}],"collection":[{"href":"https:\/\/ganerantz.com\/eu\/wp-json\/wp\/v2\/pages"}],"about":[{"href":"https:\/\/ganerantz.com\/eu\/wp-json\/wp\/v2\/types\/page"}],"author":[{"embeddable":true,"href":"https:\/\/ganerantz.com\/eu\/wp-json\/wp\/v2\/users\/1"}],"replies":[{"embeddable":true,"href":"https:\/\/ganerantz.com\/eu\/wp-json\/wp\/v2\/comments?post=1906"}],"version-history":[{"count":1,"href":"https:\/\/ganerantz.com\/eu\/wp-json\/wp\/v2\/pages\/1906\/revisions"}],"predecessor-version":[{"id":1907,"href":"https:\/\/ganerantz.com\/eu\/wp-json\/wp\/v2\/pages\/1906\/revisions\/1907"}],"up":[{"embeddable":true,"href":"https:\/\/ganerantz.com\/eu\/wp-json\/wp\/v2\/pages\/1903"}],"wp:attachment":[{"href":"https:\/\/ganerantz.com\/eu\/wp-json\/wp\/v2\/media?parent=1906"}],"curies":[{"name":"wp","href":"https:\/\/api.w.org\/{rel}","templated":true}]}}