{"id":1892,"date":"2023-03-30T15:24:07","date_gmt":"2023-03-30T13:24:07","guid":{"rendered":"https:\/\/ganerantz.com\/alquiler-de-material\/"},"modified":"2023-05-04T14:38:57","modified_gmt":"2023-05-04T12:38:57","slug":"materiala-alokatzea","status":"publish","type":"page","link":"https:\/\/ganerantz.com\/eu\/materiala-alokatzea\/","title":{"rendered":"Materiala alokatzea"},"content":{"rendered":"<div class=\"wpb-content-wrapper\"><p>[vc_row css=&#8221;.vc_custom_1680182885975{margin-bottom: 35px !important;}&#8221;][vc_column][vc_column_text]<\/p>\n<h3>Normas<\/h3>\n<ul>\n<li>S\u00f3lo podr\u00e1n alquilar material los\/las socios\/as que tengan al d\u00eda el pago de la cuota anual, previa presentaci\u00f3n de la tarjeta de socia\/o.<\/li>\n<li>Los NO socios\/as s\u00f3lo podr\u00e1n retirar material si est\u00e1n avalados\/as por un socio\/a del Club. Habiendo una salida oficial o un cursillo organizado por el Club, todo el material ser\u00e1 reservado para dicha actividad.<\/li>\n<li>Solamente tres d\u00edas antes de la realizaci\u00f3n de la actividad, si hay material disponible, se podr\u00e1 alquilar para otras actividades.<\/li>\n<li>En las excursiones o actividades organizadas por el Club, el material ser\u00e1 gratuito, res\u00e9rvandose por riguroso orden seg\u00fan se vaya inscribiendo y pagando en la lista de excursiones.<\/li>\n<li>El material se podr\u00e1 alquilar en los dias que abre el Club, de 19:30h a 21:30h.<\/li>\n<li>El material ser\u00e1 devuelto en las mismas condiciones en las que se fue entregado al socio. En caso de deterioro, \u00e9ste deber\u00e1 abonar el importe de su reparaci\u00f3n.<\/li>\n<li>En caso de p\u00e9rdida, la persona que lo haya alquilado, deber\u00e1 abonar el iporte que suponga reponer dicho material.<\/li>\n<li>Cualquier sugerencia o duda sobre estas normas, ser\u00e1 remitida por escrito a la Directiva, que se encargar\u00e1 de estudiarla y resolverla.<\/li>\n<li>A efectos de pago se consideran d\u00edas de alquiler, desde el d\u00eda de entrega del material, hasta su devoluci\u00f3n, menos dos d\u00edas.<\/li>\n<\/ul>\n<p>[\/vc_column_text][\/vc_column][\/vc_row][vc_row][vc_column][vc_message css=&#8221;.vc_custom_1680185125800{margin-bottom: 35px !important;}&#8221;]Para poder alquilar material se tendr\u00e1 que haber satisfecho la cuota anual antes del dia <strong>28 de febrero<\/strong> del a\u00f1o en curso.[\/vc_message][\/vc_column][\/vc_row][vc_row][vc_column][vc_column_text]<\/p>\n<h3>Precios<\/h3>\n<table style=\"border-collapse: collapse; width: 100%;\">\n<thead>\n<tr>\n<td style=\"width: 33.3333%;\"><\/td>\n<th style=\"width: 33.3333%; text-align: center;\">D\u00eda<\/th>\n<th style=\"width: 33.3333%; text-align: center;\">Agosto<\/th>\n<\/tr>\n<\/thead>\n<tbody>\n<tr>\n<th style=\"width: 33.3333%;\">Piolet<\/th>\n<td style=\"width: 33.3333%; text-align: center;\">2 \u20ac<\/td>\n<td style=\"width: 33.3333%; text-align: center;\">15 \u20ac<\/td>\n<\/tr>\n<tr>\n<th style=\"width: 33.3333%;\">Crampones<\/th>\n<td style=\"width: 33.3333%; text-align: center;\">2 \u20ac<\/td>\n<td style=\"width: 33.3333%; text-align: center;\">15 \u20ac<\/td>\n<\/tr>\n<tr>\n<th style=\"width: 33.3333%;\">Crampon + piolet<\/th>\n<td style=\"width: 33.3333%; text-align: center;\">3 \u20ac<\/td>\n<td style=\"width: 33.3333%; text-align: center;\">30 \u20ac<\/td>\n<\/tr>\n<tr>\n<th style=\"width: 33.3333%;\">Raquetas<\/th>\n<td style=\"width: 33.3333%; text-align: center;\">2,5 \u20ac<\/td>\n<td style=\"width: 33.3333%; text-align: center;\">20 \u20ac<\/td>\n<\/tr>\n<\/tbody>\n<\/table>\n<p>[\/vc_column_text][\/vc_column][\/vc_row]<\/p>\n<\/div>","protected":false},"excerpt":{"rendered":"<p>[vc_row css=&#8221;.vc_custom_1680182885975{margin-bottom: 35px !important;}&#8221;][vc_column][vc_column_text] Normas S\u00f3lo podr\u00e1n alquilar material los\/las socios\/as que tengan al d\u00eda el pago de la cuota anual, previa presentaci\u00f3n de la tarjeta de socia\/o. Los NO socios\/as s\u00f3lo podr\u00e1n retirar material si est\u00e1n avalados\/as por un socio\/a del Club. Habiendo una salida oficial o un cursillo organizado por el Club, todo&hellip;<\/p>\n","protected":false},"author":1,"featured_media":1637,"parent":0,"menu_order":0,"comment_status":"closed","ping_status":"closed","template":"","meta":{"footnotes":""},"class_list":["post-1892","page","type-page","status-publish","has-post-thumbnail","hentry","description-off"],"acf":[],"_links":{"self":[{"href":"https:\/\/ganerantz.com\/eu\/wp-json\/wp\/v2\/pages\/1892","targetHints":{"allow":["GET"]}}],"collection":[{"href":"https:\/\/ganerantz.com\/eu\/wp-json\/wp\/v2\/pages"}],"about":[{"href":"https:\/\/ganerantz.com\/eu\/wp-json\/wp\/v2\/types\/page"}],"author":[{"embeddable":true,"href":"https:\/\/ganerantz.com\/eu\/wp-json\/wp\/v2\/users\/1"}],"replies":[{"embeddable":true,"href":"https:\/\/ganerantz.com\/eu\/wp-json\/wp\/v2\/comments?post=1892"}],"version-history":[{"count":1,"href":"https:\/\/ganerantz.com\/eu\/wp-json\/wp\/v2\/pages\/1892\/revisions"}],"predecessor-version":[{"id":1894,"href":"https:\/\/ganerantz.com\/eu\/wp-json\/wp\/v2\/pages\/1892\/revisions\/1894"}],"wp:featuredmedia":[{"embeddable":true,"href":"https:\/\/ganerantz.com\/eu\/wp-json\/wp\/v2\/media\/1637"}],"wp:attachment":[{"href":"https:\/\/ganerantz.com\/eu\/wp-json\/wp\/v2\/media?parent=1892"}],"curies":[{"name":"wp","href":"https:\/\/api.w.org\/{rel}","templated":true}]}}