{"id":1028,"date":"2023-03-21T13:25:44","date_gmt":"2023-03-21T12:25:44","guid":{"rendered":"https:\/\/ganerantz.com\/?page_id=1028"},"modified":"2023-05-04T16:34:19","modified_gmt":"2023-05-04T14:34:19","slug":"loturak","status":"publish","type":"page","link":"https:\/\/ganerantz.com\/eu\/loturak\/","title":{"rendered":"Loturak"},"content":{"rendered":"<div class=\"wpb-content-wrapper\"><p>[vc_row][vc_column][vc_column_text]<h3>Elkargiak<\/h3>\n\t\t<div class=\"ult-content-box-container mb-2-em\" >\t\t<div class=\"ult-content-box\" style=\"background-color:#f7f7f7;padding:1em;-webkit-transition: all 700ms ease;-moz-transition: all 700ms ease;-ms-transition: all 700ms ease;-o-transition: all 700ms ease;transition: all 700ms ease;\"     data-bg=\"#f7f7f7\" >\n\t\t<div class=\"standard-arrow bullet-top\"><ul>\n<li><a href=\"http:\/\/www.leioamenditaldea.com\/\" target=\"_blank\">Leioa Mendi Taldea<\/a><\/li>\n<li><a href=\"http:\/\/www.menditarrak.com\/\" target=\"_blank\">Club de monta\u00f1a de Deusto<\/a><\/li>\n<li><a href=\"http:\/\/www.telefonica.net\/web2\/sestaoalpinoclub\/inicio.htm\" target=\"_blank\">Sestao Alpino Club<\/a><\/li>\n<\/ul>\n<\/div>\n\t\t\t<\/div><\/div>\n\t<h3>Federazioak<\/h3>\n\t\t<div class=\"ult-content-box-container mb-2-em\" >\t\t<div class=\"ult-content-box\" style=\"background-color:#f7f7f7;padding:1em;-webkit-transition: all 700ms ease;-moz-transition: all 700ms ease;-ms-transition: all 700ms ease;-o-transition: all 700ms ease;transition: all 700ms ease;\"     data-bg=\"#f7f7f7\" >\n\t\t<div class=\"standard-arrow bullet-top\"><ul>\n<li><a href=\"http:\/\/www.emf-fvm.com\/\" target=\"_blank\">Euskal Mendizale Federazioa<\/a><\/li>\n<li><a href=\"https:\/\/amf-fam.org\/\" target=\"_blank\">Federaci\u00f3n Alavesa de Monta\u00f1a<\/a><\/li>\n<li><a href=\"https:\/\/bmf-fvm.org\" target=\"_blank\">Federaci\u00f3n Vizca\u00edna de Monta\u00f1a<\/a><\/li>\n<\/ul>\n<\/div>\n\t\t\t<\/div><\/div>\n\t<h3>Hainbat esteka<\/h3>\n\t\t<div class=\"ult-content-box-container mb-2-em\" >\t\t<div class=\"ult-content-box\" style=\"background-color:#f7f7f7;padding:1em;-webkit-transition: all 700ms ease;-moz-transition: all 700ms ease;-ms-transition: all 700ms ease;-o-transition: all 700ms ease;transition: all 700ms ease;\"     data-bg=\"#f7f7f7\" >\n\t\t<div class=\"standard-arrow bullet-top\"><ul>\n<li><a href=\"https:\/\/\/\/svca.mx\/primeros-auxilios-en-montanismo.html\" target=\"_blank\">Primeros auxilios en Monta\u00f1ismo<\/a><\/li>\n<\/ul>\n<\/div>\n\t\t\t<\/div><\/div>\n\t[\/vc_column_text][\/vc_column][\/vc_row]<\/p>\n<\/div>","protected":false},"excerpt":{"rendered":"<p>[vc_row][vc_column][vc_column_text][\/vc_column_text][\/vc_column][\/vc_row]<\/p>\n","protected":false},"author":1,"featured_media":0,"parent":0,"menu_order":0,"comment_status":"closed","ping_status":"closed","template":"","meta":{"footnotes":""},"class_list":["post-1028","page","type-page","status-publish","hentry","description-off"],"acf":[],"_links":{"self":[{"href":"https:\/\/ganerantz.com\/eu\/wp-json\/wp\/v2\/pages\/1028","targetHints":{"allow":["GET"]}}],"collection":[{"href":"https:\/\/ganerantz.com\/eu\/wp-json\/wp\/v2\/pages"}],"about":[{"href":"https:\/\/ganerantz.com\/eu\/wp-json\/wp\/v2\/types\/page"}],"author":[{"embeddable":true,"href":"https:\/\/ganerantz.com\/eu\/wp-json\/wp\/v2\/users\/1"}],"replies":[{"embeddable":true,"href":"https:\/\/ganerantz.com\/eu\/wp-json\/wp\/v2\/comments?post=1028"}],"version-history":[{"count":4,"href":"https:\/\/ganerantz.com\/eu\/wp-json\/wp\/v2\/pages\/1028\/revisions"}],"predecessor-version":[{"id":1924,"href":"https:\/\/ganerantz.com\/eu\/wp-json\/wp\/v2\/pages\/1028\/revisions\/1924"}],"wp:attachment":[{"href":"https:\/\/ganerantz.com\/eu\/wp-json\/wp\/v2\/media?parent=1028"}],"curies":[{"name":"wp","href":"https:\/\/api.w.org\/{rel}","templated":true}]}}